{"id":310,"date":"2019-09-20T10:54:10","date_gmt":"2019-09-20T10:54:10","guid":{"rendered":"https:\/\/undicisports.com.br\/2025\/about\/teachers\/"},"modified":"2026-01-21T15:11:57","modified_gmt":"2026-01-21T15:11:57","slug":"linha-do-tempo-undici-sports","status":"publish","type":"page","link":"https:\/\/undicisports.com.br\/2025\/undici-sports\/linha-do-tempo-undici-sports\/","title":{"rendered":"Linha do Tempo &#8211; Undici Sports"},"content":{"rendered":"<div class=\"wpb-content-wrapper\"><p>[vc_row][vc_column]<div class=\"smile-icon-timeline-wrap csstime   \"     style=\"\"><div class=\"timeline-line \" style=\"border-right-color:;\"><span><\/span><\/div><div class=\"timeline-wrapper\"><\/div><div class=\"timeline-feature-item feat-item  \"><div class=\"feat-dot \"><div class=\"timeline-dot\"><\/div><\/div><div class=\"ult-timeline-arrow \"><s><\/s><l><\/l><\/div><div class=\"timeline-icon-block\"><div class=\"ult-timeline-icon tl-icon-no-bg\" style=\"   \"><\/div> <!-- icon --><\/div><div class=\"timeline-header-block\" >\n\t\t\t\t\t\t\t<div class=\"timeline-header\" id=\"timeline-featured-5841\"  style=\"\"><h3\n\t\t\t class=\"ult-timeline-title ult-responsive\"   data-ultimate-target='#timeline-featured-5841 .ult-timeline-title'  data-responsive-json-new='{\"font-size\":\"desktop:30px;\",\"line-height\":\"\"}'  style=\"font-weight:bold;color:#330066;\">2024 - 5\u00aa Atualiza\u00e7\u00e3o - Logomarca atual<\/h3><div class=\"ult-responsive custom-lht\"  data-ultimate-target='#timeline-featured-5841 .custom-lht'  data-responsive-json-new='{\"font-size\":\"desktop:20px;\",\"line-height\":\"\"}'  style=\"color:#330066;\"><img loading=\"lazy\" decoding=\"async\" class=\"size-medium wp-image-1946 aligncenter\" src=\"https:\/\/undicisports.com.br\/2025\/wp-content\/uploads\/2026\/01\/2024-300x251.png\" alt=\"\" width=\"300\" height=\"251\" srcset=\"https:\/\/undicisports.com.br\/2025\/wp-content\/uploads\/2026\/01\/2024-300x251.png 300w, https:\/\/undicisports.com.br\/2025\/wp-content\/uploads\/2026\/01\/2024-768x642.png 768w, https:\/\/undicisports.com.br\/2025\/wp-content\/uploads\/2026\/01\/2024.png 801w\" sizes=\"auto, (max-width: 300px) 100vw, 300px\" \/><\/p>\n<p>&nbsp;<\/p>\n<h4 style=\"text-align: center;\">Identidade visual ajustada para transmitir <strong><em>sofistica\u00e7\u00e3o e confian\u00e7a<\/em><\/strong>.<\/h4>\n<h4 style=\"text-align: center;\">A empresa j\u00e1 consolidada em grandes competi\u00e7\u00f5es nacionais e internacionais.<\/h4>\n<h4 style=\"text-align: center;\">Representa nossa <strong><em>trajet\u00f3ria de quase tr\u00eas d\u00e9cadas<\/em><\/strong> e nossa vis\u00e3o de futuro.<\/h4>\n<p><\/div><\/div> <!-- header --><\/div><\/div><div class=\"timeline-wrapper \"><\/div>\n\t\t\t\t<div id=\"timeline-seperator-9360\" class=\"timeline-separator-text \" data-sep-col=\"#330066\" data-sep-bg-col=\"\"><span class=\"sep-text ult-responsive\"  data-ultimate-target='#timeline-seperator-9360 .sep-text'  data-responsive-json-new='{\"font-size\":\"\",\"line-height\":\"\"}'  style=\"color:#330066;border-width:1px;border-radius:5px;\">. . .<\/span><\/div><div class=\"timeline-wrapper \"><div class=\"timeline-block \"><div class=\"timeline-dot\"><\/div><div class=\"ult-timeline-arrow\"><s><\/s><l><\/l><\/div><div class=\"timeline-icon-block\"><div class=\"ult-timeline-icon tl-icon-no-bg\" style=\"   \"><\/div> <!-- icon --><\/div><div class=\"timeline-header-block\" >\n\t\t\t\t\t\t\t<div id=\"timeline-item-1214\" class=\"timeline-header\" style=\"\"><h3 class=\"ult-timeline-title ult-responsive\"  data-ultimate-target='#timeline-item-1214 .ult-timeline-title'  data-responsive-json-new='{\"font-size\":\"desktop:25px;\",\"line-height\":\"\"}'  style=\"font-weight:bold;color:#330066;\">2011 - 4\u00aa Atualiza\u00e7\u00e3o da Logomarca<\/h3><div class=\"ult-responsive timeline-item-spt\"  data-ultimate-target='#timeline-item-1214 .timeline-item-spt'  data-responsive-json-new='{\"font-size\":\"desktop:18px;\",\"line-height\":\"\"}'  style=\"\"><img loading=\"lazy\" decoding=\"async\" class=\"alignnone size-medium wp-image-1947\" src=\"https:\/\/undicisports.com.br\/2025\/wp-content\/uploads\/2026\/01\/2011-300x207.png\" alt=\"\" width=\"300\" height=\"207\" srcset=\"https:\/\/undicisports.com.br\/2025\/wp-content\/uploads\/2026\/01\/2011-300x207.png 300w, https:\/\/undicisports.com.br\/2025\/wp-content\/uploads\/2026\/01\/2011-768x529.png 768w, https:\/\/undicisports.com.br\/2025\/wp-content\/uploads\/2026\/01\/2011.png 801w\" sizes=\"auto, (max-width: 300px) 100vw, 300px\" \/><\/p>\n<p style=\"text-align: left;\">Logomarca redesenhada, trazendo mais <strong>inova\u00e7\u00e3o e modernidade<\/strong>.<\/p>\n<p style=\"text-align: left;\">Expans\u00e3o para novos mercados e parcerias em diferentes modalidades esportivas.<\/p>\n<p><\/div><\/div> <!-- header --><\/div><\/div><\/div>\n\t\t\t\t<div id=\"timeline-seperator-9392\" class=\"timeline-separator-text \" data-sep-col=\"#330066\" data-sep-bg-col=\"\"><span class=\"sep-text ult-responsive\"  data-ultimate-target='#timeline-seperator-9392 .sep-text'  data-responsive-json-new='{\"font-size\":\"\",\"line-height\":\"\"}'  style=\"color:#330066;border-width:1px;border-radius:5px;\">. . .<\/span><\/div><div class=\"timeline-wrapper \"><div class=\"timeline-block \"><div class=\"timeline-dot\"><\/div><div class=\"ult-timeline-arrow\"><s><\/s><l><\/l><\/div><div class=\"timeline-icon-block\"><div class=\"ult-timeline-icon tl-icon-no-bg\" style=\"   \"><\/div> <!-- icon --><\/div><div class=\"timeline-header-block\" >\n\t\t\t\t\t\t\t<div id=\"timeline-item-3287\" class=\"timeline-header\" style=\"\"><h3 class=\"ult-timeline-title ult-responsive\"  data-ultimate-target='#timeline-item-3287 .ult-timeline-title'  data-responsive-json-new='{\"font-size\":\"desktop:25px;\",\"line-height\":\"\"}'  style=\"font-weight:bold;color:#330066;\">2008 - 3\u00aa Atualiza\u00e7\u00e3o da Logomarca<\/h3><div class=\"ult-responsive timeline-item-spt\"  data-ultimate-target='#timeline-item-3287 .timeline-item-spt'  data-responsive-json-new='{\"font-size\":\"desktop:18px;\",\"line-height\":\"\"}'  style=\"\"><img loading=\"lazy\" decoding=\"async\" class=\"alignnone size-medium wp-image-1948\" src=\"https:\/\/undicisports.com.br\/2025\/wp-content\/uploads\/2026\/01\/2008-300x257.png\" alt=\"\" width=\"300\" height=\"257\" srcset=\"https:\/\/undicisports.com.br\/2025\/wp-content\/uploads\/2026\/01\/2008-300x257.png 300w, https:\/\/undicisports.com.br\/2025\/wp-content\/uploads\/2026\/01\/2008-768x658.png 768w, https:\/\/undicisports.com.br\/2025\/wp-content\/uploads\/2026\/01\/2008.png 801w\" sizes=\"auto, (max-width: 300px) 100vw, 300px\" \/><\/p>\n<p style=\"text-align: left;\">A presen\u00e7a em dois Jogos Ol\u00edmpicos refor\u00e7a nossa credibilidade e a confian\u00e7a no nosso trabalho.<\/p>\n<p><\/div><\/div> <!-- header --><\/div><\/div><\/div>\n\t\t\t\t<div id=\"timeline-seperator-3138\" class=\"timeline-separator-text \" data-sep-col=\"#330066\" data-sep-bg-col=\"\"><span class=\"sep-text ult-responsive\"  data-ultimate-target='#timeline-seperator-3138 .sep-text'  data-responsive-json-new='{\"font-size\":\"\",\"line-height\":\"\"}'  style=\"color:#330066;border-width:1px;border-radius:5px;\">. . .<\/span><\/div><div class=\"timeline-wrapper \"><div class=\"timeline-block \"><div class=\"timeline-dot\"><\/div><div class=\"ult-timeline-arrow\"><s><\/s><l><\/l><\/div><div class=\"timeline-icon-block\"><div class=\"ult-timeline-icon tl-icon-no-bg\" style=\"   \"><\/div> <!-- icon --><\/div><div class=\"timeline-header-block\" >\n\t\t\t\t\t\t\t<div id=\"timeline-item-9142\" class=\"timeline-header\" style=\"\"><h3 class=\"ult-timeline-title ult-responsive\"  data-ultimate-target='#timeline-item-9142 .ult-timeline-title'  data-responsive-json-new='{\"font-size\":\"desktop:25px;\",\"line-height\":\"\"}'  style=\"font-weight:bold;color:#330066;\">2003 - 2\u00aa Atualizac\u00e3o da Logomarca<\/h3><div class=\"ult-responsive timeline-item-spt\"  data-ultimate-target='#timeline-item-9142 .timeline-item-spt'  data-responsive-json-new='{\"font-size\":\"desktop:18px;\",\"line-height\":\"\"}'  style=\"\"><img loading=\"lazy\" decoding=\"async\" class=\"alignnone size-medium wp-image-1949\" src=\"https:\/\/undicisports.com.br\/2025\/wp-content\/uploads\/2026\/01\/2003-300x244.png\" alt=\"\" width=\"300\" height=\"244\" srcset=\"https:\/\/undicisports.com.br\/2025\/wp-content\/uploads\/2026\/01\/2003-300x244.png 300w, https:\/\/undicisports.com.br\/2025\/wp-content\/uploads\/2026\/01\/2003-768x625.png 768w, https:\/\/undicisports.com.br\/2025\/wp-content\/uploads\/2026\/01\/2003.png 801w\" sizes=\"auto, (max-width: 300px) 100vw, 300px\" \/><\/p>\n<p>&nbsp;<\/p>\n<p style=\"text-align: left;\">Mais um marco: fornecimento de <strong>material esportivo na nossa 2\u00aa Olimp\u00edadas &#8211; Atenas<\/strong><\/p>\n<p style=\"text-align: left;\">Identidade visual revisada, com linhas mais firmes e sofisticadas.<\/p>\n<p style=\"text-align: left;\">Consolida\u00e7\u00e3o da empresa como <strong>refer\u00eancia em confec\u00e7\u00e3o esportiva no Brasil<\/strong>.<\/p>\n<p><\/div><\/div> <!-- header --><\/div><\/div><\/div>\n\t\t\t\t<div id=\"timeline-seperator-6372\" class=\"timeline-separator-text \" data-sep-col=\"#330066\" data-sep-bg-col=\"\"><span class=\"sep-text ult-responsive\"  data-ultimate-target='#timeline-seperator-6372 .sep-text'  data-responsive-json-new='{\"font-size\":\"\",\"line-height\":\"\"}'  style=\"color:#330066;border-width:1px;border-radius:5px;\">. . .<\/span><\/div><div class=\"timeline-wrapper \"><div class=\"timeline-block \"><div class=\"timeline-dot\"><\/div><div class=\"ult-timeline-arrow\"><s><\/s><l><\/l><\/div><div class=\"timeline-icon-block\"><div class=\"ult-timeline-icon tl-icon-no-bg\" style=\"   \"><\/div> <!-- icon --><\/div><div class=\"timeline-header-block\" >\n\t\t\t\t\t\t\t<div id=\"timeline-item-7500\" class=\"timeline-header\" style=\"\"><h3 class=\"ult-timeline-title ult-responsive\"  data-ultimate-target='#timeline-item-7500 .ult-timeline-title'  data-responsive-json-new='{\"font-size\":\"desktop:25px;\",\"line-height\":\"\"}'  style=\"font-weight:bold;color:#330066;\">2000 - 1\u00aa Atualiza\u00e7\u00e3o da Logomarca<\/h3><div class=\"ult-responsive timeline-item-spt\"  data-ultimate-target='#timeline-item-7500 .timeline-item-spt'  data-responsive-json-new='{\"font-size\":\"desktop:18px;\",\"line-height\":\"\"}'  style=\"\"><img loading=\"lazy\" decoding=\"async\" class=\"alignnone size-medium wp-image-1950\" src=\"https:\/\/undicisports.com.br\/2025\/wp-content\/uploads\/2026\/01\/2000-300x193.png\" alt=\"\" width=\"300\" height=\"193\" srcset=\"https:\/\/undicisports.com.br\/2025\/wp-content\/uploads\/2026\/01\/2000-300x193.png 300w, https:\/\/undicisports.com.br\/2025\/wp-content\/uploads\/2026\/01\/2000-768x494.png 768w, https:\/\/undicisports.com.br\/2025\/wp-content\/uploads\/2026\/01\/2000.png 801w\" sizes=\"auto, (max-width: 300px) 100vw, 300px\" \/><\/p>\n<p>&nbsp;<\/p>\n<p style=\"text-align: left;\">A logomarca ganha design mais moderno.<\/p>\n<p style=\"text-align: left;\">Ano marcante: fornecimento de <strong>material esportivo nas Olimp\u00edadas de Sydney<\/strong>.<\/p>\n<p style=\"text-align: left;\">Reconhecimento internacional do nosso padr\u00e3o de qualidade.<\/p>\n<p><\/div><\/div> <!-- header --><\/div><\/div><\/div>\n\t\t\t\t<div id=\"timeline-seperator-1391\" class=\"timeline-separator-text \" data-sep-col=\"#330066\" data-sep-bg-col=\"\"><span class=\"sep-text ult-responsive\"  data-ultimate-target='#timeline-seperator-1391 .sep-text'  data-responsive-json-new='{\"font-size\":\"\",\"line-height\":\"\"}'  style=\"color:#330066;border-width:1px;border-radius:5px;\">. . .<\/span><\/div><div class=\"timeline-wrapper \"><div class=\"timeline-block \"><div class=\"timeline-dot\"><\/div><div class=\"ult-timeline-arrow\"><s><\/s><l><\/l><\/div><div class=\"timeline-icon-block\"><div class=\"ult-timeline-icon tl-icon-no-bg\" style=\"   \"><\/div> <!-- icon --><\/div><div class=\"timeline-header-block\" >\n\t\t\t\t\t\t\t<div id=\"timeline-item-2123\" class=\"timeline-header\" style=\"\"><h3 class=\"ult-timeline-title ult-responsive\"  data-ultimate-target='#timeline-item-2123 .ult-timeline-title'  data-responsive-json-new='{\"font-size\":\"desktop:25px;\",\"line-height\":\"\"}'  style=\"font-weight:bold;color:#330066;\">1996 - Funda\u00e7\u00e3o<\/h3><div class=\"ult-responsive timeline-item-spt\"  data-ultimate-target='#timeline-item-2123 .timeline-item-spt'  data-responsive-json-new='{\"font-size\":\"desktop:18px;\",\"line-height\":\"\"}'  style=\"\"><img loading=\"lazy\" decoding=\"async\" class=\"alignnone size-medium wp-image-1951\" src=\"https:\/\/undicisports.com.br\/2025\/wp-content\/uploads\/2026\/01\/1996-300x102.png\" alt=\"\" width=\"300\" height=\"102\" srcset=\"https:\/\/undicisports.com.br\/2025\/wp-content\/uploads\/2026\/01\/1996-300x102.png 300w, https:\/\/undicisports.com.br\/2025\/wp-content\/uploads\/2026\/01\/1996-768x261.png 768w, https:\/\/undicisports.com.br\/2025\/wp-content\/uploads\/2026\/01\/1996.png 799w\" sizes=\"auto, (max-width: 300px) 100vw, 300px\" \/><\/p>\n<p>&nbsp;<\/p>\n<p style=\"text-align: left;\">Empresa criada por <strong>Ivonette Neves de Souza<\/strong>, ex-jogadora da Sele\u00e7\u00e3o Brasileira de V\u00f4lei.<\/p>\n<p style=\"text-align: left;\">Primeira logomarca, com tra\u00e7os fortes e en\u00e9rgicos, traduzindo a <strong>paix\u00e3o pelo esporte<\/strong>.<\/p>\n<p style=\"text-align: left;\">Desde o in\u00edcio, o compromisso foi claro: <strong>profissionalismo e qualidade em cada pe\u00e7a produzida<\/strong>.<\/p>\n<p><\/div><\/div> <!-- header --><\/div><\/div><\/div><\/div>[\/vc_column][\/vc_row]<\/p>\n<\/div>","protected":false},"excerpt":{"rendered":"<p>[vc_row][vc_column][\/vc_column][\/vc_row]<\/p>\n","protected":false},"author":1,"featured_media":0,"parent":25,"menu_order":15,"comment_status":"closed","ping_status":"closed","template":"","meta":{"footnotes":""},"class_list":["post-310","page","type-page","status-publish","hentry","description-off"],"_links":{"self":[{"href":"https:\/\/undicisports.com.br\/2025\/wp-json\/wp\/v2\/pages\/310","targetHints":{"allow":["GET"]}}],"collection":[{"href":"https:\/\/undicisports.com.br\/2025\/wp-json\/wp\/v2\/pages"}],"about":[{"href":"https:\/\/undicisports.com.br\/2025\/wp-json\/wp\/v2\/types\/page"}],"author":[{"embeddable":true,"href":"https:\/\/undicisports.com.br\/2025\/wp-json\/wp\/v2\/users\/1"}],"replies":[{"embeddable":true,"href":"https:\/\/undicisports.com.br\/2025\/wp-json\/wp\/v2\/comments?post=310"}],"version-history":[{"count":10,"href":"https:\/\/undicisports.com.br\/2025\/wp-json\/wp\/v2\/pages\/310\/revisions"}],"predecessor-version":[{"id":1960,"href":"https:\/\/undicisports.com.br\/2025\/wp-json\/wp\/v2\/pages\/310\/revisions\/1960"}],"up":[{"embeddable":true,"href":"https:\/\/undicisports.com.br\/2025\/wp-json\/wp\/v2\/pages\/25"}],"wp:attachment":[{"href":"https:\/\/undicisports.com.br\/2025\/wp-json\/wp\/v2\/media?parent=310"}],"curies":[{"name":"wp","href":"https:\/\/api.w.org\/{rel}","templated":true}]}}