{"id":159,"date":"2019-09-18T04:57:54","date_gmt":"2019-09-18T04:57:54","guid":{"rendered":"https:\/\/undicisports.com.br\/2025\/contact\/"},"modified":"2025-08-30T18:12:42","modified_gmt":"2025-08-30T18:12:42","slug":"contact","status":"publish","type":"page","link":"https:\/\/undicisports.com.br\/2025\/contact\/","title":{"rendered":"Contato"},"content":{"rendered":"<div class=\"wpb-content-wrapper\"><p>[vc_row full_width=&#8221;stretch_row_content_no_spaces&#8221; equal_height=&#8221;yes&#8221; content_placement=&#8221;top&#8221;][vc_column width=&#8221;1\/2&#8243; css=&#8221;.vc_custom_1571562230026{padding-top: 50px !important;padding-right: 50px !important;padding-bottom: 20px !important;padding-left: 50px !important;background-color: #fbfafa !important;}&#8221;]<div id=\"ultimate-heading-14366a01cc33b62aa\" class=\"uvc-heading ult-adjust-bottom-margin ultimate-heading-14366a01cc33b62aa uvc-1154  uvc-heading-default-font-sizes\" data-hspacer=\"no_spacer\"  data-halign=\"left\" style=\"text-align:left\"><div class=\"uvc-heading-spacer no_spacer\" style=\"top\"><\/div><div class=\"uvc-main-heading ult-responsive\"  data-ultimate-target='.uvc-heading.ultimate-heading-14366a01cc33b62aa h2'  data-responsive-json-new='{\"font-size\":\"\",\"line-height\":\"\"}' ><h2 style=\"--font-weight:theme;margin-bottom:30px;\">Mapa<\/h2><\/div><\/div><div class='ult_hotspot_container ult-adjust-bottom-margin ult-hotspot-tooltip-wrapper ' style=>  <img class='ult_hotspot_image' src=https:\/\/undicisports.com.br\/2025\/wp-content\/uploads\/2025\/08\/Mapa-central.jpg alt='null'\/>     <div class='utl-hotspot-items ult-hotspot-item'><div class='ult-hotspot-item  ' style='top:-webkit-calc(42.360710161662816% - 16px);top:-moz-calc(42.360710161662816% - 16px);top:calc(42.360710161662816% - 16px);left: -webkit-calc(45.01347708894879% - 16px);left: -moz-calc(45.01347708894879% - 16px);left: calc(45.01347708894879% - 16px);' >  <div style='z-index: 39;position: relative;'>   <a data-link_style='simple' class='ult-tooltipstered ult-hotspot-tooltip' href=\"https:\/\/maps.app.goo.gl\/2wxy61b43mZqTRjt8\" target=\"_blank\" rel=\"noopener\"  data-status='hide'><div class=\"ult-just-icon-wrapper  \"><div class=\"align-icon\" style=\"text-align:center;\">\n<div class=\"aio-icon  \"  style=\"font-size:32px;display:inline-block;\">\n\t<i class=\"Defaults-map-marker\"><\/i>\n<\/div><\/div><\/div>  <\/a> <\/div><!-- ICON WRAP --> <div class='ult-glow' ><\/div><\/div>\n<\/div>     <div style='color:#000;' data-image='    '><\/div><\/div>[\/vc_column][vc_column width=&#8221;1\/2&#8243; css=&#8221;.vc_custom_1571562136338{padding-top: 50px !important;padding-right: 50px !important;padding-bottom: 50px !important;padding-left: 50px !important;background-color: #ececec !important;}&#8221;]<div id=\"ultimate-heading-96836a01cc33b707d\" class=\"uvc-heading ult-adjust-bottom-margin ultimate-heading-96836a01cc33b707d uvc-2348  uvc-heading-default-font-sizes\" data-hspacer=\"no_spacer\"  data-halign=\"left\" style=\"text-align:left\"><div class=\"uvc-heading-spacer no_spacer\" style=\"top\"><\/div><div class=\"uvc-main-heading ult-responsive\"  data-ultimate-target='.uvc-heading.ultimate-heading-96836a01cc33b707d h2'  data-responsive-json-new='{\"font-size\":\"\",\"line-height\":\"\"}' ><h2 style=\"--font-weight:theme;margin-bottom:30px;\">Informa\u00e7\u00f5es de Contato<\/h2><\/div><div class=\"uvc-sub-heading ult-responsive\"  data-ultimate-target='.uvc-heading.ultimate-heading-96836a01cc33b707d .uvc-sub-heading '  data-responsive-json-new='{\"font-size\":\"\",\"line-height\":\"\"}'  style=\"font-weight:normal;margin-bottom:30px;\"><\/p>\n<h5>Seja bem-vindo a Undici, este espa\u00e7o foi reservado para voc\u00ea entrar em contato conosco, ou se preferir venha conhecer nossas instala\u00e7\u00f5es.<\/h5>\n<h5><strong>Rua Capeberibe, 911<br \/>\nB. Barcelona &#8211; S\u00e3o Caetano do Sul<br \/>\nSP &#8211; Brasil &#8211; CEP: 09551-210<\/strong><\/h5>\n<address>Telephone: +55 11 4232-6761<br \/>\nE-mail: <a href=\"mailto:contato@undicisports.com.br\">contato@undicisports.com.br<\/a><\/address>\n<p><\/div><\/div><style type=\"text\/css\" data-type=\"the7_shortcodes-inline-css\">.dt-shortcode-soc-icons.soc-icons-cb68014edf1faece5dcac95c19426bc0 a {\n  margin-right: 10px;\n}\n.dt-shortcode-soc-icons a.soc-icons-cb68014edf1faece5dcac95c19426bc0 {\n  margin-right: 10px;\n}\n.dt-shortcode-soc-icons a.soc-icons-cb68014edf1faece5dcac95c19426bc0:last-child {\n  margin-right: 0;\n}\n.dt-shortcode-soc-icons a.soc-icons-cb68014edf1faece5dcac95c19426bc0:before,\n.dt-shortcode-soc-icons a.soc-icons-cb68014edf1faece5dcac95c19426bc0:after {\n  padding: inherit;\n}\n.dt-shortcode-soc-icons a.soc-icons-cb68014edf1faece5dcac95c19426bc0.dt-icon-border-on:before {\n  border:  solid ;\n}\n.dt-shortcode-soc-icons a.soc-icons-cb68014edf1faece5dcac95c19426bc0.dt-icon-hover-border-on:after {\n  border:  solid ;\n}<\/style><div class=\"dt-shortcode-soc-icons  soc-icons-cb68014edf1faece5dcac95c19426bc0 soc-icons-left \" ><style type=\"text\/css\" data-type=\"the7_shortcodes-inline-css\">.dt-shortcode-soc-icons a.single-soc-icon-6fe808799638d2f3068a9930940606d4 {\n  min-width: 46px;\n  min-height: 46px;\n  font-size: 24px;\n  border-radius: 100px;\n}\n.dt-shortcode-soc-icons a.single-soc-icon-6fe808799638d2f3068a9930940606d4:last-child {\n  margin-right: 0;\n}\n.dt-shortcode-soc-icons a.single-soc-icon-6fe808799638d2f3068a9930940606d4:before,\n.dt-shortcode-soc-icons a.single-soc-icon-6fe808799638d2f3068a9930940606d4:after {\n  min-width: 46px;\n  min-height: 46px;\n  padding: inherit;\n}\n.dt-shortcode-soc-icons a.single-soc-icon-6fe808799638d2f3068a9930940606d4.dt-icon-border-on:before {\n  border: 2px solid #2e2b36;\n}\n.dt-shortcode-soc-icons a.single-soc-icon-6fe808799638d2f3068a9930940606d4.dt-icon-hover-border-on:after {\n  border: 2px solid ;\n}\n.dt-shortcode-soc-icons a.single-soc-icon-6fe808799638d2f3068a9930940606d4:hover {\n  font-size: 24px;\n}\n#page .dt-shortcode-soc-icons a.single-soc-icon-6fe808799638d2f3068a9930940606d4:hover .soc-font-icon,\n#phantom .dt-shortcode-soc-icons a.single-soc-icon-6fe808799638d2f3068a9930940606d4:hover .soc-font-icon,\n#page .dt-shortcode-soc-icons a.single-soc-icon-6fe808799638d2f3068a9930940606d4:hover .soc-icon,\n#phantom .dt-shortcode-soc-icons a.single-soc-icon-6fe808799638d2f3068a9930940606d4:hover .soc-icon {\n  color: #ffffff;\n  background: none;\n}\n#page .dt-shortcode-soc-icons a.single-soc-icon-6fe808799638d2f3068a9930940606d4.dt-icon-hover-bg-on:after,\n#phantom .dt-shortcode-soc-icons a.single-soc-icon-6fe808799638d2f3068a9930940606d4.dt-icon-hover-bg-on:after {\n  background: #2e2b36;\n}\n#page .dt-shortcode-soc-icons a.single-soc-icon-6fe808799638d2f3068a9930940606d4:not(:hover) .soc-font-icon,\n#phantom .dt-shortcode-soc-icons a.single-soc-icon-6fe808799638d2f3068a9930940606d4:not(:hover) .soc-font-icon,\n#page .dt-shortcode-soc-icons a.single-soc-icon-6fe808799638d2f3068a9930940606d4:not(:hover) .soc-icon,\n#phantom .dt-shortcode-soc-icons a.single-soc-icon-6fe808799638d2f3068a9930940606d4:not(:hover) .soc-icon {\n  color: #2e2b36;\n  background: none;\n}\n.dt-shortcode-soc-icons a.single-soc-icon-6fe808799638d2f3068a9930940606d4 .soc-font-icon,\n.dt-shortcode-soc-icons a.single-soc-icon-6fe808799638d2f3068a9930940606d4 .soc-icon {\n  font-size: 24px;\n}<\/style><a title=\"Facebook\" href=\"\/\" class=\"facebook single-soc-icon-6fe808799638d2f3068a9930940606d4 dt-icon-bg-off dt-icon-border-on dt-icon-hover-bg-on\"><i class=\"soc-icon soc-font-icon dt-icon-facebook\"><\/i><span class=\"screen-reader-text\">Facebook<\/span><\/a><style type=\"text\/css\" data-type=\"the7_shortcodes-inline-css\">.dt-shortcode-soc-icons a.single-soc-icon-29a8c6ecbf9bd1918eebcff463a4ac2a {\n  min-width: 46px;\n  min-height: 46px;\n  font-size: 24px;\n  border-radius: 100px;\n}\n.dt-shortcode-soc-icons a.single-soc-icon-29a8c6ecbf9bd1918eebcff463a4ac2a:last-child {\n  margin-right: 0;\n}\n.dt-shortcode-soc-icons a.single-soc-icon-29a8c6ecbf9bd1918eebcff463a4ac2a:before,\n.dt-shortcode-soc-icons a.single-soc-icon-29a8c6ecbf9bd1918eebcff463a4ac2a:after {\n  min-width: 46px;\n  min-height: 46px;\n  padding: inherit;\n}\n.dt-shortcode-soc-icons a.single-soc-icon-29a8c6ecbf9bd1918eebcff463a4ac2a.dt-icon-border-on:before {\n  border: 2px solid #2e2b36;\n}\n.dt-shortcode-soc-icons a.single-soc-icon-29a8c6ecbf9bd1918eebcff463a4ac2a.dt-icon-hover-border-on:after {\n  border: 2px solid ;\n}\n.dt-shortcode-soc-icons a.single-soc-icon-29a8c6ecbf9bd1918eebcff463a4ac2a:hover {\n  font-size: 24px;\n}\n#page .dt-shortcode-soc-icons a.single-soc-icon-29a8c6ecbf9bd1918eebcff463a4ac2a:hover .soc-font-icon,\n#phantom .dt-shortcode-soc-icons a.single-soc-icon-29a8c6ecbf9bd1918eebcff463a4ac2a:hover .soc-font-icon,\n#page .dt-shortcode-soc-icons a.single-soc-icon-29a8c6ecbf9bd1918eebcff463a4ac2a:hover .soc-icon,\n#phantom .dt-shortcode-soc-icons a.single-soc-icon-29a8c6ecbf9bd1918eebcff463a4ac2a:hover .soc-icon {\n  color: #ffffff;\n  background: none;\n}\n#page .dt-shortcode-soc-icons a.single-soc-icon-29a8c6ecbf9bd1918eebcff463a4ac2a.dt-icon-hover-bg-on:after,\n#phantom .dt-shortcode-soc-icons a.single-soc-icon-29a8c6ecbf9bd1918eebcff463a4ac2a.dt-icon-hover-bg-on:after {\n  background: #2e2b36;\n}\n#page .dt-shortcode-soc-icons a.single-soc-icon-29a8c6ecbf9bd1918eebcff463a4ac2a:not(:hover) .soc-font-icon,\n#phantom .dt-shortcode-soc-icons a.single-soc-icon-29a8c6ecbf9bd1918eebcff463a4ac2a:not(:hover) .soc-font-icon,\n#page .dt-shortcode-soc-icons a.single-soc-icon-29a8c6ecbf9bd1918eebcff463a4ac2a:not(:hover) .soc-icon,\n#phantom .dt-shortcode-soc-icons a.single-soc-icon-29a8c6ecbf9bd1918eebcff463a4ac2a:not(:hover) .soc-icon {\n  color: #2e2b36;\n  background: none;\n}\n.dt-shortcode-soc-icons a.single-soc-icon-29a8c6ecbf9bd1918eebcff463a4ac2a .soc-font-icon,\n.dt-shortcode-soc-icons a.single-soc-icon-29a8c6ecbf9bd1918eebcff463a4ac2a .soc-icon {\n  font-size: 24px;\n}<\/style><a title=\"Instagram\" href=\"\/\" class=\"instagram single-soc-icon-29a8c6ecbf9bd1918eebcff463a4ac2a dt-icon-bg-off dt-icon-border-on dt-icon-hover-bg-on\"><i class=\"soc-icon soc-font-icon dt-icon-instagram\"><\/i><span class=\"screen-reader-text\">Instagram<\/span><\/a><style type=\"text\/css\" data-type=\"the7_shortcodes-inline-css\">.dt-shortcode-soc-icons a.single-soc-icon-38de894129a56b68a56d7b1d7844ce26 {\n  min-width: 46px;\n  min-height: 46px;\n  font-size: 24px;\n  border-radius: 100px;\n}\n.dt-shortcode-soc-icons a.single-soc-icon-38de894129a56b68a56d7b1d7844ce26:last-child {\n  margin-right: 0;\n}\n.dt-shortcode-soc-icons a.single-soc-icon-38de894129a56b68a56d7b1d7844ce26:before,\n.dt-shortcode-soc-icons a.single-soc-icon-38de894129a56b68a56d7b1d7844ce26:after {\n  min-width: 46px;\n  min-height: 46px;\n  padding: inherit;\n}\n.dt-shortcode-soc-icons a.single-soc-icon-38de894129a56b68a56d7b1d7844ce26.dt-icon-border-on:before {\n  border: 2px solid #2e2b36;\n}\n.dt-shortcode-soc-icons a.single-soc-icon-38de894129a56b68a56d7b1d7844ce26.dt-icon-hover-border-on:after {\n  border: 2px solid ;\n}\n.dt-shortcode-soc-icons a.single-soc-icon-38de894129a56b68a56d7b1d7844ce26:hover {\n  font-size: 24px;\n}\n#page .dt-shortcode-soc-icons a.single-soc-icon-38de894129a56b68a56d7b1d7844ce26:hover .soc-font-icon,\n#phantom .dt-shortcode-soc-icons a.single-soc-icon-38de894129a56b68a56d7b1d7844ce26:hover .soc-font-icon,\n#page .dt-shortcode-soc-icons a.single-soc-icon-38de894129a56b68a56d7b1d7844ce26:hover .soc-icon,\n#phantom .dt-shortcode-soc-icons a.single-soc-icon-38de894129a56b68a56d7b1d7844ce26:hover .soc-icon {\n  color: #ffffff;\n  background: none;\n}\n#page .dt-shortcode-soc-icons a.single-soc-icon-38de894129a56b68a56d7b1d7844ce26.dt-icon-hover-bg-on:after,\n#phantom .dt-shortcode-soc-icons a.single-soc-icon-38de894129a56b68a56d7b1d7844ce26.dt-icon-hover-bg-on:after {\n  background: #2e2b36;\n}\n#page .dt-shortcode-soc-icons a.single-soc-icon-38de894129a56b68a56d7b1d7844ce26:not(:hover) .soc-font-icon,\n#phantom .dt-shortcode-soc-icons a.single-soc-icon-38de894129a56b68a56d7b1d7844ce26:not(:hover) .soc-font-icon,\n#page .dt-shortcode-soc-icons a.single-soc-icon-38de894129a56b68a56d7b1d7844ce26:not(:hover) .soc-icon,\n#phantom .dt-shortcode-soc-icons a.single-soc-icon-38de894129a56b68a56d7b1d7844ce26:not(:hover) .soc-icon {\n  color: #2e2b36;\n  background: none;\n}\n.dt-shortcode-soc-icons a.single-soc-icon-38de894129a56b68a56d7b1d7844ce26 .soc-font-icon,\n.dt-shortcode-soc-icons a.single-soc-icon-38de894129a56b68a56d7b1d7844ce26 .soc-icon {\n  font-size: 24px;\n}<\/style><a title=\"X\" href=\"\/\" class=\"twitter single-soc-icon-38de894129a56b68a56d7b1d7844ce26 dt-icon-bg-off dt-icon-border-on dt-icon-hover-bg-on\"><i class=\"soc-icon soc-font-icon dt-icon-twitter\"><\/i><span class=\"screen-reader-text\">X<\/span><\/a><style type=\"text\/css\" data-type=\"the7_shortcodes-inline-css\">.dt-shortcode-soc-icons a.single-soc-icon-300c77f8928a6f54ac1b0cd531cd030b {\n  min-width: 46px;\n  min-height: 46px;\n  font-size: 24px;\n  border-radius: 100px;\n}\n.dt-shortcode-soc-icons a.single-soc-icon-300c77f8928a6f54ac1b0cd531cd030b:last-child {\n  margin-right: 0;\n}\n.dt-shortcode-soc-icons a.single-soc-icon-300c77f8928a6f54ac1b0cd531cd030b:before,\n.dt-shortcode-soc-icons a.single-soc-icon-300c77f8928a6f54ac1b0cd531cd030b:after {\n  min-width: 46px;\n  min-height: 46px;\n  padding: inherit;\n}\n.dt-shortcode-soc-icons a.single-soc-icon-300c77f8928a6f54ac1b0cd531cd030b.dt-icon-border-on:before {\n  border: 2px solid #2e2b36;\n}\n.dt-shortcode-soc-icons a.single-soc-icon-300c77f8928a6f54ac1b0cd531cd030b.dt-icon-hover-border-on:after {\n  border: 2px solid ;\n}\n.dt-shortcode-soc-icons a.single-soc-icon-300c77f8928a6f54ac1b0cd531cd030b:hover {\n  font-size: 24px;\n}\n#page .dt-shortcode-soc-icons a.single-soc-icon-300c77f8928a6f54ac1b0cd531cd030b:hover .soc-font-icon,\n#phantom .dt-shortcode-soc-icons a.single-soc-icon-300c77f8928a6f54ac1b0cd531cd030b:hover .soc-font-icon,\n#page .dt-shortcode-soc-icons a.single-soc-icon-300c77f8928a6f54ac1b0cd531cd030b:hover .soc-icon,\n#phantom .dt-shortcode-soc-icons a.single-soc-icon-300c77f8928a6f54ac1b0cd531cd030b:hover .soc-icon {\n  color: #ffffff;\n  background: none;\n}\n#page .dt-shortcode-soc-icons a.single-soc-icon-300c77f8928a6f54ac1b0cd531cd030b.dt-icon-hover-bg-on:after,\n#phantom .dt-shortcode-soc-icons a.single-soc-icon-300c77f8928a6f54ac1b0cd531cd030b.dt-icon-hover-bg-on:after {\n  background: #2e2b36;\n}\n#page .dt-shortcode-soc-icons a.single-soc-icon-300c77f8928a6f54ac1b0cd531cd030b:not(:hover) .soc-font-icon,\n#phantom .dt-shortcode-soc-icons a.single-soc-icon-300c77f8928a6f54ac1b0cd531cd030b:not(:hover) .soc-font-icon,\n#page .dt-shortcode-soc-icons a.single-soc-icon-300c77f8928a6f54ac1b0cd531cd030b:not(:hover) .soc-icon,\n#phantom .dt-shortcode-soc-icons a.single-soc-icon-300c77f8928a6f54ac1b0cd531cd030b:not(:hover) .soc-icon {\n  color: #2e2b36;\n  background: none;\n}\n.dt-shortcode-soc-icons a.single-soc-icon-300c77f8928a6f54ac1b0cd531cd030b .soc-font-icon,\n.dt-shortcode-soc-icons a.single-soc-icon-300c77f8928a6f54ac1b0cd531cd030b .soc-icon {\n  font-size: 24px;\n}<\/style><a title=\"YouTube\" href=\"\/\" class=\"you-tube single-soc-icon-300c77f8928a6f54ac1b0cd531cd030b dt-icon-bg-off dt-icon-border-on dt-icon-hover-bg-on\"><i class=\"soc-icon soc-font-icon dt-icon-you-tube\"><\/i><span class=\"screen-reader-text\">YouTube<\/span><\/a><\/div>[\/vc_column][\/vc_row][vc_row full_width=&#8221;stretch_row_content_no_spaces&#8221; equal_height=&#8221;yes&#8221; content_placement=&#8221;top&#8221; el_class=&#8221;reverse-row-on-mobile&#8221;][vc_column width=&#8221;1\/2&#8243; css=&#8221;.vc_custom_1571562273382{padding-top: 50px !important;padding-right: 50px !important;padding-bottom: 50px !important;padding-left: 50px !important;background-color: #ececec !important;}&#8221;]<div id=\"ultimate-heading-9716a01cc33b7ae0\" class=\"uvc-heading ult-adjust-bottom-margin ultimate-heading-9716a01cc33b7ae0 uvc-6362  uvc-heading-default-font-sizes\" data-hspacer=\"no_spacer\"  data-halign=\"left\" style=\"text-align:left\"><div class=\"uvc-heading-spacer no_spacer\" style=\"top\"><\/div><div class=\"uvc-main-heading ult-responsive\"  data-ultimate-target='.uvc-heading.ultimate-heading-9716a01cc33b7ae0 h2'  data-responsive-json-new='{\"font-size\":\"\",\"line-height\":\"\"}' ><h2 style=\"--font-weight:theme;margin-bottom:30px;\">Nosso hor\u00e1rio de atendimento<\/h2><\/div><div class=\"uvc-sub-heading ult-responsive\"  data-ultimate-target='.uvc-heading.ultimate-heading-9716a01cc33b7ae0 .uvc-sub-heading '  data-responsive-json-new='{\"font-size\":\"\",\"line-height\":\"\"}'  style=\"font-weight:normal;\">Utilize o formul\u00e1rio ao lado e envie sua mensagem, teremos satisfa\u00e7\u00e3o em ajudar e esclarecer suas d\u00favidas.<\/p>\n<p>Segunda \u00e0 sexta \u2026\u2026\u2026&#8230;&#8230;&#8230;.\u2026. 9h \u00e0s 17h<\/div><\/div>[\/vc_column][vc_column width=&#8221;1\/2&#8243; css=&#8221;.vc_custom_1571562566387{padding-top: 50px !important;padding-right: 50px !important;padding-bottom: 50px !important;padding-left: 50px !important;background-color: #fbfafa !important;}&#8221;]<div id=\"ultimate-heading-72686a01cc33b7c28\" class=\"uvc-heading ult-adjust-bottom-margin ultimate-heading-72686a01cc33b7c28 uvc-5025  uvc-heading-default-font-sizes\" data-hspacer=\"no_spacer\"  data-halign=\"left\" style=\"text-align:left\"><div class=\"uvc-heading-spacer no_spacer\" style=\"top\"><\/div><div class=\"uvc-main-heading ult-responsive\"  data-ultimate-target='.uvc-heading.ultimate-heading-72686a01cc33b7c28 h2'  data-responsive-json-new='{\"font-size\":\"\",\"line-height\":\"\"}' ><h2 style=\"--font-weight:theme;margin-bottom:30px;\">Entre em Contato<\/h2><\/div><\/div><form class=\"dt-contact-form dt-form\" method=\"post\"><input type=\"hidden\" name=\"widget_id\" value=\"presscore-contact-form-widget--1\" \/><input type=\"hidden\" name=\"send_message\" value=\"\" \/><input type=\"hidden\" name=\"security_token\" value=\"5590d237638419d04499\"\/><div class=\"form-fields\"><span class=\"form-name\"><label class=\"assistive-text\">Nome *<\/label><input type=\"text\" class=\"validate[required]\" placeholder=\"Nome *\" name=\"name\" value=\"\" aria-required=\"true\">\n<\/span><span class=\"form-mail\"><label class=\"assistive-text\">E-mail *<\/label><input type=\"text\" class=\"validate[required,custom[email]]\" placeholder=\"E-mail *\" name=\"email\" value=\"\" aria-required=\"true\">\n<\/span><span class=\"form-telephone\"><label class=\"assistive-text\">Telefone<\/label><input type=\"text\" placeholder=\"Telefone\" name=\"telephone\" value=\"\" aria-required=\"false\">\n<\/span><\/div><span class=\"form-message\"><label class=\"assistive-text\">Mensagem<\/label><textarea placeholder=\"Mensagem\" name=\"message\" rows=\"6\" aria-required=\"false\"><\/textarea>\n<\/span><p><a href=\"#\" class=\"dt-btn dt-btn-m dt-btn-submit\" rel=\"nofollow\"><span>Enviar Mensagem<\/span><\/a><input class=\"assistive-text\" type=\"submit\" value=\"enviar\"><\/p><\/form>\n[\/vc_column][\/vc_row]<\/p>\n<\/div>","protected":false},"excerpt":{"rendered":"<p>[vc_row full_width=&#8221;stretch_row_content_no_spaces&#8221; equal_height=&#8221;yes&#8221; content_placement=&#8221;top&#8221;][vc_column width=&#8221;1\/2&#8243; css=&#8221;.vc_custom_1571562230026{padding-top: 50px !important;padding-right: 50px !important;padding-bottom: 20px !important;padding-left: 50px !important;background-color: #fbfafa !important;}&#8221;][\/vc_column][vc_column width=&#8221;1\/2&#8243; css=&#8221;.vc_custom_1571562136338{padding-top: 50px !important;padding-right: 50px !important;padding-bottom: 50px !important;padding-left: 50px !important;background-color: #ececec !important;}&#8221;][\/vc_column][\/vc_row][vc_row full_width=&#8221;stretch_row_content_no_spaces&#8221; equal_height=&#8221;yes&#8221; content_placement=&#8221;top&#8221; el_class=&#8221;reverse-row-on-mobile&#8221;][vc_column width=&#8221;1\/2&#8243; css=&#8221;.vc_custom_1571562273382{padding-top: 50px !important;padding-right: 50px !important;padding-bottom: 50px !important;padding-left: 50px !important;background-color: #ececec !important;}&#8221;][\/vc_column][vc_column width=&#8221;1\/2&#8243; css=&#8221;.vc_custom_1571562566387{padding-top: 50px !important;padding-right: 50px !important;padding-bottom: 50px !important;padding-left: 50px !important;background-color: #fbfafa&hellip;<\/p>\n","protected":false},"author":1,"featured_media":0,"parent":0,"menu_order":0,"comment_status":"closed","ping_status":"closed","template":"","meta":{"footnotes":""},"class_list":["post-159","page","type-page","status-publish","hentry","description-off"],"_links":{"self":[{"href":"https:\/\/undicisports.com.br\/2025\/wp-json\/wp\/v2\/pages\/159","targetHints":{"allow":["GET"]}}],"collection":[{"href":"https:\/\/undicisports.com.br\/2025\/wp-json\/wp\/v2\/pages"}],"about":[{"href":"https:\/\/undicisports.com.br\/2025\/wp-json\/wp\/v2\/types\/page"}],"author":[{"embeddable":true,"href":"https:\/\/undicisports.com.br\/2025\/wp-json\/wp\/v2\/users\/1"}],"replies":[{"embeddable":true,"href":"https:\/\/undicisports.com.br\/2025\/wp-json\/wp\/v2\/comments?post=159"}],"version-history":[{"count":10,"href":"https:\/\/undicisports.com.br\/2025\/wp-json\/wp\/v2\/pages\/159\/revisions"}],"predecessor-version":[{"id":1440,"href":"https:\/\/undicisports.com.br\/2025\/wp-json\/wp\/v2\/pages\/159\/revisions\/1440"}],"wp:attachment":[{"href":"https:\/\/undicisports.com.br\/2025\/wp-json\/wp\/v2\/media?parent=159"}],"curies":[{"name":"wp","href":"https:\/\/api.w.org\/{rel}","templated":true}]}}